{"id":74,"date":"2021-07-03T10:49:45","date_gmt":"2021-07-03T08:49:45","guid":{"rendered":"http:\/\/www.gm-mecanique.fr\/?page_id=74"},"modified":"2021-07-26T12:26:19","modified_gmt":"2021-07-26T10:26:19","slug":"elementor-74","status":"publish","type":"page","link":"https:\/\/www.gm-mecanique.fr\/index.php\/elementor-74\/","title":{"rendered":"Professionnel"},"content":{"rendered":"\t\t<div data-elementor-type=\"wp-page\" data-elementor-id=\"74\" class=\"elementor elementor-74\">\n\t\t\t\t\t\t\t\t\t<section class=\"elementor-section elementor-top-section elementor-element elementor-element-659d936a elementor-section-content-middle elementor-section-boxed elementor-section-height-default elementor-section-height-default\" data-id=\"659d936a\" data-element_type=\"section\">\n\t\t\t\t\t\t\t<div class=\"elementor-background-overlay\"><\/div>\n\t\t\t\t\t\t\t<div class=\"elementor-container elementor-column-gap-no\">\n\t\t\t\t\t<div class=\"elementor-column elementor-col-100 elementor-top-column elementor-element elementor-element-32374851\" data-id=\"32374851\" data-element_type=\"column\">\n\t\t\t<div class=\"elementor-widget-wrap elementor-element-populated\">\n\t\t\t\t\t\t\t\t<div class=\"elementor-element elementor-element-de09f05 elementor-view-default elementor-mobile-position-top elementor-vertical-align-top elementor-widget elementor-widget-icon-box\" data-id=\"de09f05\" data-element_type=\"widget\" data-widget_type=\"icon-box.default\">\n\t\t\t\t<div class=\"elementor-widget-container\">\n\t\t\t\t\t<div class=\"elementor-icon-box-wrapper\">\n\t\t\t\t\t\t<div class=\"elementor-icon-box-icon\">\n\t\t\t\t<span class=\"elementor-icon elementor-animation-\" >\n\t\t\t\t<i aria-hidden=\"true\" class=\"fas fa-tools\"><\/i>\t\t\t\t<\/span>\n\t\t\t<\/div>\n\t\t\t\t\t\t<div class=\"elementor-icon-box-content\">\n\t\t\t\t<h4 class=\"elementor-icon-box-title\">\n\t\t\t\t\t<span  >\n\t\t\t\t\t\t\t\t\t\t\t<\/span>\n\t\t\t\t<\/h4>\n\t\t\t\t\t\t\t\t\t<p class=\"elementor-icon-box-description\">\n\t\t\t\t\t\tProfessionnel\t\t\t\t\t<\/p>\n\t\t\t\t\t\t\t<\/div>\n\t\t<\/div>\n\t\t\t\t<\/div>\n\t\t\t\t<\/div>\n\t\t\t\t<div class=\"elementor-element elementor-element-7be89bcd elementor-widget elementor-widget-text-editor\" data-id=\"7be89bcd\" data-element_type=\"widget\" data-widget_type=\"text-editor.default\">\n\t\t\t\t<div class=\"elementor-widget-container\">\n\t\t\t\t\t\t\t<p>It is a long established fact that a reader will be distracted by the readable content of a page when looking at its layout. The point of using Lorem Ipsum is that it has a more-or-less normal distribution of letters, as opposed to using.<\/p><p>It is a long established fact that a reader will be distracted by the readable content of a page when looking at its layout. The point of using Lorem Ipsum is that it has a more-or-less normal distribution of letters, as opposed to using &lsquo;Content here, content here&rsquo;, making it look like readable English.<\/p>\t\t\t\t\t\t<\/div>\n\t\t\t\t<\/div>\n\t\t\t\t\t<\/div>\n\t\t<\/div>\n\t\t\t\t\t\t\t<\/div>\n\t\t<\/section>\n\t\t\t\t\t\t\t<\/div>\n\t\t","protected":false},"excerpt":{"rendered":"<p>Professionnel It is a long established fact that a reader will be distracted by the readable content of a page when looking at its layout. The point of using Lorem Ipsum is that it has a more-or-less normal distribution of letters, as opposed to using. It is a long established fact that a reader will be distracted by the readable content of a page when looking at its layout. The point of using Lorem Ipsum is that it has a&hellip;<\/p>\n","protected":false},"author":1,"featured_media":0,"parent":0,"menu_order":0,"comment_status":"closed","ping_status":"closed","template":"","meta":[],"yoast_head":"<!-- This site is optimized with the Yoast SEO plugin v19.3 - https:\/\/yoast.com\/wordpress\/plugins\/seo\/ -->\n<title>Professionnel - Gui&#039;Home m\u00e9canique<\/title>\n<meta name=\"description\" content=\"R\u00e9paration pour professionnel - Gui&#039;home m\u00e9canique - M\u00e9canique pour particulier et professionnel \u00e0 domicile - Grand-Champ\" \/>\n<meta name=\"robots\" content=\"index, follow, max-snippet:-1, max-image-preview:large, max-video-preview:-1\" \/>\n<link rel=\"canonical\" href=\"http:\/\/www.gm-mecanique.fr\/index.php\/elementor-74\/\" \/>\n<meta property=\"og:locale\" content=\"fr_FR\" \/>\n<meta property=\"og:type\" content=\"article\" \/>\n<meta property=\"og:title\" content=\"Professionnel - Gui&#039;Home m\u00e9canique\" \/>\n<meta property=\"og:description\" content=\"R\u00e9paration pour professionnel - Gui&#039;home m\u00e9canique - M\u00e9canique pour particulier et professionnel \u00e0 domicile - Grand-Champ\" \/>\n<meta property=\"og:url\" content=\"http:\/\/www.gm-mecanique.fr\/index.php\/elementor-74\/\" \/>\n<meta property=\"og:site_name\" content=\"Gui&#039;Home m\u00e9canique\" \/>\n<meta property=\"article:publisher\" content=\"https:\/\/www.facebook.com\/GuiHome-M%c3%a9canique-109064371337091\" \/>\n<meta property=\"article:modified_time\" content=\"2021-07-26T10:26:19+00:00\" \/>\n<meta name=\"twitter:card\" content=\"summary_large_image\" \/>\n<meta name=\"twitter:label1\" content=\"Dur\u00e9e de lecture estim\u00e9e\" \/>\n\t<meta name=\"twitter:data1\" content=\"1 minute\" \/>\n<script type=\"application\/ld+json\" class=\"yoast-schema-graph\">{\"@context\":\"https:\/\/schema.org\",\"@graph\":[{\"@type\":\"Organization\",\"@id\":\"https:\/\/www.gm-mecanique.fr\/#organization\",\"name\":\"Gui&#039;Home m\u00e9canique\",\"url\":\"https:\/\/www.gm-mecanique.fr\/\",\"sameAs\":[\"https:\/\/www.facebook.com\/GuiHome-M\u00e9canique-109064371337091\"],\"logo\":{\"@type\":\"ImageObject\",\"inLanguage\":\"fr-FR\",\"@id\":\"https:\/\/www.gm-mecanique.fr\/#\/schema\/logo\/image\/\",\"url\":\"https:\/\/www.gm-mecanique.fr\/wp-content\/uploads\/2021\/07\/cropped-logo-titre-de-chaque-cote-scaled-1.jpg\",\"contentUrl\":\"https:\/\/www.gm-mecanique.fr\/wp-content\/uploads\/2021\/07\/cropped-logo-titre-de-chaque-cote-scaled-1.jpg\",\"width\":2394,\"height\":849,\"caption\":\"Gui&#039;Home m\u00e9canique\"},\"image\":{\"@id\":\"https:\/\/www.gm-mecanique.fr\/#\/schema\/logo\/image\/\"}},{\"@type\":\"WebSite\",\"@id\":\"https:\/\/www.gm-mecanique.fr\/#website\",\"url\":\"https:\/\/www.gm-mecanique.fr\/\",\"name\":\"Gui&#039;Home m\u00e9canique\",\"description\":\"M\u00e9canique \u00e0 domicile\",\"publisher\":{\"@id\":\"https:\/\/www.gm-mecanique.fr\/#organization\"},\"potentialAction\":[{\"@type\":\"SearchAction\",\"target\":{\"@type\":\"EntryPoint\",\"urlTemplate\":\"https:\/\/www.gm-mecanique.fr\/?s={search_term_string}\"},\"query-input\":\"required name=search_term_string\"}],\"inLanguage\":\"fr-FR\"},{\"@type\":\"WebPage\",\"@id\":\"http:\/\/www.gm-mecanique.fr\/index.php\/elementor-74\/\",\"url\":\"http:\/\/www.gm-mecanique.fr\/index.php\/elementor-74\/\",\"name\":\"Professionnel - Gui&#039;Home m\u00e9canique\",\"isPartOf\":{\"@id\":\"https:\/\/www.gm-mecanique.fr\/#website\"},\"datePublished\":\"2021-07-03T08:49:45+00:00\",\"dateModified\":\"2021-07-26T10:26:19+00:00\",\"description\":\"R\u00e9paration pour professionnel - Gui'home m\u00e9canique - M\u00e9canique pour particulier et professionnel \u00e0 domicile - Grand-Champ\",\"breadcrumb\":{\"@id\":\"http:\/\/www.gm-mecanique.fr\/index.php\/elementor-74\/#breadcrumb\"},\"inLanguage\":\"fr-FR\",\"potentialAction\":[{\"@type\":\"ReadAction\",\"target\":[\"http:\/\/www.gm-mecanique.fr\/index.php\/elementor-74\/\"]}]},{\"@type\":\"BreadcrumbList\",\"@id\":\"http:\/\/www.gm-mecanique.fr\/index.php\/elementor-74\/#breadcrumb\",\"itemListElement\":[{\"@type\":\"ListItem\",\"position\":1,\"name\":\"Accueil\",\"item\":\"https:\/\/www.gm-mecanique.fr\/\"},{\"@type\":\"ListItem\",\"position\":2,\"name\":\"Professionnel\"}]}]}<\/script>\n<!-- \/ Yoast SEO plugin. -->","yoast_head_json":{"title":"Professionnel - Gui&#039;Home m\u00e9canique","description":"R\u00e9paration pour professionnel - Gui'home m\u00e9canique - M\u00e9canique pour particulier et professionnel \u00e0 domicile - Grand-Champ","robots":{"index":"index","follow":"follow","max-snippet":"max-snippet:-1","max-image-preview":"max-image-preview:large","max-video-preview":"max-video-preview:-1"},"canonical":"http:\/\/www.gm-mecanique.fr\/index.php\/elementor-74\/","og_locale":"fr_FR","og_type":"article","og_title":"Professionnel - Gui&#039;Home m\u00e9canique","og_description":"R\u00e9paration pour professionnel - Gui'home m\u00e9canique - M\u00e9canique pour particulier et professionnel \u00e0 domicile - Grand-Champ","og_url":"http:\/\/www.gm-mecanique.fr\/index.php\/elementor-74\/","og_site_name":"Gui&#039;Home m\u00e9canique","article_publisher":"https:\/\/www.facebook.com\/GuiHome-M%c3%a9canique-109064371337091","article_modified_time":"2021-07-26T10:26:19+00:00","twitter_card":"summary_large_image","twitter_misc":{"Dur\u00e9e de lecture estim\u00e9e":"1 minute"},"schema":{"@context":"https:\/\/schema.org","@graph":[{"@type":"Organization","@id":"https:\/\/www.gm-mecanique.fr\/#organization","name":"Gui&#039;Home m\u00e9canique","url":"https:\/\/www.gm-mecanique.fr\/","sameAs":["https:\/\/www.facebook.com\/GuiHome-M\u00e9canique-109064371337091"],"logo":{"@type":"ImageObject","inLanguage":"fr-FR","@id":"https:\/\/www.gm-mecanique.fr\/#\/schema\/logo\/image\/","url":"https:\/\/www.gm-mecanique.fr\/wp-content\/uploads\/2021\/07\/cropped-logo-titre-de-chaque-cote-scaled-1.jpg","contentUrl":"https:\/\/www.gm-mecanique.fr\/wp-content\/uploads\/2021\/07\/cropped-logo-titre-de-chaque-cote-scaled-1.jpg","width":2394,"height":849,"caption":"Gui&#039;Home m\u00e9canique"},"image":{"@id":"https:\/\/www.gm-mecanique.fr\/#\/schema\/logo\/image\/"}},{"@type":"WebSite","@id":"https:\/\/www.gm-mecanique.fr\/#website","url":"https:\/\/www.gm-mecanique.fr\/","name":"Gui&#039;Home m\u00e9canique","description":"M\u00e9canique \u00e0 domicile","publisher":{"@id":"https:\/\/www.gm-mecanique.fr\/#organization"},"potentialAction":[{"@type":"SearchAction","target":{"@type":"EntryPoint","urlTemplate":"https:\/\/www.gm-mecanique.fr\/?s={search_term_string}"},"query-input":"required name=search_term_string"}],"inLanguage":"fr-FR"},{"@type":"WebPage","@id":"http:\/\/www.gm-mecanique.fr\/index.php\/elementor-74\/","url":"http:\/\/www.gm-mecanique.fr\/index.php\/elementor-74\/","name":"Professionnel - Gui&#039;Home m\u00e9canique","isPartOf":{"@id":"https:\/\/www.gm-mecanique.fr\/#website"},"datePublished":"2021-07-03T08:49:45+00:00","dateModified":"2021-07-26T10:26:19+00:00","description":"R\u00e9paration pour professionnel - Gui'home m\u00e9canique - M\u00e9canique pour particulier et professionnel \u00e0 domicile - Grand-Champ","breadcrumb":{"@id":"http:\/\/www.gm-mecanique.fr\/index.php\/elementor-74\/#breadcrumb"},"inLanguage":"fr-FR","potentialAction":[{"@type":"ReadAction","target":["http:\/\/www.gm-mecanique.fr\/index.php\/elementor-74\/"]}]},{"@type":"BreadcrumbList","@id":"http:\/\/www.gm-mecanique.fr\/index.php\/elementor-74\/#breadcrumb","itemListElement":[{"@type":"ListItem","position":1,"name":"Accueil","item":"https:\/\/www.gm-mecanique.fr\/"},{"@type":"ListItem","position":2,"name":"Professionnel"}]}]}},"_links":{"self":[{"href":"https:\/\/www.gm-mecanique.fr\/index.php\/wp-json\/wp\/v2\/pages\/74"}],"collection":[{"href":"https:\/\/www.gm-mecanique.fr\/index.php\/wp-json\/wp\/v2\/pages"}],"about":[{"href":"https:\/\/www.gm-mecanique.fr\/index.php\/wp-json\/wp\/v2\/types\/page"}],"author":[{"embeddable":true,"href":"https:\/\/www.gm-mecanique.fr\/index.php\/wp-json\/wp\/v2\/users\/1"}],"replies":[{"embeddable":true,"href":"https:\/\/www.gm-mecanique.fr\/index.php\/wp-json\/wp\/v2\/comments?post=74"}],"version-history":[{"count":6,"href":"https:\/\/www.gm-mecanique.fr\/index.php\/wp-json\/wp\/v2\/pages\/74\/revisions"}],"predecessor-version":[{"id":158,"href":"https:\/\/www.gm-mecanique.fr\/index.php\/wp-json\/wp\/v2\/pages\/74\/revisions\/158"}],"wp:attachment":[{"href":"https:\/\/www.gm-mecanique.fr\/index.php\/wp-json\/wp\/v2\/media?parent=74"}],"curies":[{"name":"wp","href":"https:\/\/api.w.org\/{rel}","templated":true}]}}