{"id":55,"date":"2021-07-02T21:24:49","date_gmt":"2021-07-02T19:24:49","guid":{"rendered":"http:\/\/www.gm-mecanique.fr\/?page_id=55"},"modified":"2022-07-23T19:51:35","modified_gmt":"2022-07-23T17:51:35","slug":"accueil","status":"publish","type":"page","link":"https:\/\/www.gm-mecanique.fr\/","title":{"rendered":"Accueil"},"content":{"rendered":"\t\t<div data-elementor-type=\"wp-page\" data-elementor-id=\"55\" class=\"elementor elementor-55\">\n\t\t\t\t\t\t\t\t\t<section class=\"elementor-section elementor-top-section elementor-element elementor-element-ef94431 elementor-section-boxed elementor-section-height-default elementor-section-height-default\" data-id=\"ef94431\" data-element_type=\"section\">\n\t\t\t\t\t\t<div class=\"elementor-container elementor-column-gap-default\">\n\t\t\t\t\t<div class=\"elementor-column elementor-col-100 elementor-top-column elementor-element elementor-element-c670aeb\" data-id=\"c670aeb\" data-element_type=\"column\">\n\t\t\t<div class=\"elementor-widget-wrap\">\n\t\t\t\t\t\t\t\t\t<\/div>\n\t\t<\/div>\n\t\t\t\t\t\t\t<\/div>\n\t\t<\/section>\n\t\t\t\t<section class=\"elementor-section elementor-top-section elementor-element elementor-element-5a20b97f elementor-section-content-middle elementor-section-boxed elementor-section-height-default elementor-section-height-default\" data-id=\"5a20b97f\" data-element_type=\"section\">\n\t\t\t\t\t\t<div class=\"elementor-container elementor-column-gap-no\">\n\t\t\t\t\t<div class=\"elementor-column elementor-col-50 elementor-top-column elementor-element elementor-element-ec9e9c\" data-id=\"ec9e9c\" data-element_type=\"column\">\n\t\t\t<div class=\"elementor-widget-wrap elementor-element-populated\">\n\t\t\t\t\t\t\t\t<div class=\"elementor-element elementor-element-3466c969 elementor-widget elementor-widget-image\" data-id=\"3466c969\" data-element_type=\"widget\" data-widget_type=\"image.default\">\n\t\t\t\t<div class=\"elementor-widget-container\">\n\t\t\t\t\t\t\t\t\t\t\t\t\t\t\t<img width=\"100\" height=\"100\" src=\"https:\/\/www.gm-mecanique.fr\/wp-content\/uploads\/2021\/07\/cropped-cropped-cropped-cropped-LOGO-ROND-SEUL-1.jpg\" class=\"attachment-full size-full\" alt=\"\" loading=\"lazy\" \/>\t\t\t\t\t\t\t\t\t\t\t\t\t\t\t<\/div>\n\t\t\t\t<\/div>\n\t\t\t\t\t<\/div>\n\t\t<\/div>\n\t\t\t\t<div class=\"elementor-column elementor-col-50 elementor-top-column elementor-element elementor-element-780c6d2c\" data-id=\"780c6d2c\" data-element_type=\"column\">\n\t\t\t<div class=\"elementor-widget-wrap elementor-element-populated\">\n\t\t\t\t\t\t\t\t<div class=\"elementor-element elementor-element-667e9b8a elementor-widget elementor-widget-heading\" data-id=\"667e9b8a\" data-element_type=\"widget\" data-widget_type=\"heading.default\">\n\t\t\t\t<div class=\"elementor-widget-container\">\n\t\t\t<h4 class=\"elementor-heading-title elementor-size-default\">Gui'Home M\u00e9canique<\/h4>\t\t<\/div>\n\t\t\t\t<\/div>\n\t\t\t\t<div class=\"elementor-element elementor-element-36d03a57 elementor-widget elementor-widget-text-editor\" data-id=\"36d03a57\" data-element_type=\"widget\" data-widget_type=\"text-editor.default\">\n\t\t\t\t<div class=\"elementor-widget-container\">\n\t\t\t\t\t\t\t<p>La SAS GUI&rsquo;HOME MECANIQUE est votre interlocuteurs de confiance pour tous types de r\u00e9parations et sur tous type de v\u00e9hicules : PL, VL, UTILITAIRE.\u00a0<\/p><p>A votre domicile ou sur votre lieu de travail, votre v\u00e9hicule est r\u00e9par\u00e9 exclusivement par du personnel de qualifi\u00e9. C&rsquo;est latelier qui vient \u00e0 vous, plus de souci d&rsquo;attente ou de disponibilit\u00e9 de place !<\/p>\t\t\t\t\t\t<\/div>\n\t\t\t\t<\/div>\n\t\t\t\t\t<\/div>\n\t\t<\/div>\n\t\t\t\t\t\t\t<\/div>\n\t\t<\/section>\n\t\t\t\t<section class=\"elementor-section elementor-top-section elementor-element elementor-element-283c6ccf elementor-section-content-middle elementor-section-boxed elementor-section-height-default elementor-section-height-default\" data-id=\"283c6ccf\" data-element_type=\"section\">\n\t\t\t\t\t\t<div class=\"elementor-container elementor-column-gap-no\">\n\t\t\t\t\t<div class=\"elementor-column elementor-col-50 elementor-top-column elementor-element elementor-element-1c87d76\" data-id=\"1c87d76\" data-element_type=\"column\">\n\t\t\t<div class=\"elementor-widget-wrap elementor-element-populated\">\n\t\t\t\t\t\t\t\t<div class=\"elementor-element elementor-element-2b78ea31 elementor-widget-divider--view-line elementor-widget elementor-widget-divider\" data-id=\"2b78ea31\" data-element_type=\"widget\" data-widget_type=\"divider.default\">\n\t\t\t\t<div class=\"elementor-widget-container\">\n\t\t\t\t\t<div class=\"elementor-divider\">\n\t\t\t<span class=\"elementor-divider-separator\">\n\t\t\t\t\t\t<\/span>\n\t\t<\/div>\n\t\t\t\t<\/div>\n\t\t\t\t<\/div>\n\t\t\t\t\t<\/div>\n\t\t<\/div>\n\t\t\t\t<div class=\"elementor-column elementor-col-50 elementor-top-column elementor-element elementor-element-247fae1\" data-id=\"247fae1\" data-element_type=\"column\">\n\t\t\t<div class=\"elementor-widget-wrap elementor-element-populated\">\n\t\t\t\t\t\t\t\t<div class=\"elementor-element elementor-element-26ab5936 elementor-widget elementor-widget-text-editor\" data-id=\"26ab5936\" data-element_type=\"widget\" data-widget_type=\"text-editor.default\">\n\t\t\t\t<div class=\"elementor-widget-container\">\n\t\t\t\t\t\t\t<p>Sur rendez-vous ou intervention rapide d\u00e9pannage, vous pouvez nous contacter <span style=\"text-decoration: underline;\"><strong>tous les jours de 9h \u00e0 18h du lundi au vendredi et de 9h \u00e0 13h le samedi.<\/strong><\/span>\u00a0<\/p><p>Nos techniciens travaillent en utilisant les techniques les plus r\u00e9centes et des informations professionnelles mises \u00e0 jour quotidiennement. Nous accordons beaucoup d&rsquo;importance \u00e0 la satisfaction de nos clients et nous effor\u00e7ons de fournir un travail de haute qualit\u00e9 !<\/p><p>Nous vous conseillerons volontiers, avec pour seul souci, votre confort et votre s\u00e9curit\u00e9 quand vous \u00eates au volant de votre v\u00e9hicule\u00a0<\/p>\t\t\t\t\t\t<\/div>\n\t\t\t\t<\/div>\n\t\t\t\t<div class=\"elementor-element elementor-element-20ac9b20 elementor-widget elementor-widget-text-editor\" data-id=\"20ac9b20\" data-element_type=\"widget\" data-widget_type=\"text-editor.default\">\n\t\t\t\t<div class=\"elementor-widget-container\">\n\t\t\t\t\t\t\t\t\t\t\t\t\t<\/div>\n\t\t\t\t<\/div>\n\t\t\t\t\t<\/div>\n\t\t<\/div>\n\t\t\t\t\t\t\t<\/div>\n\t\t<\/section>\n\t\t\t\t<section class=\"elementor-section elementor-top-section elementor-element elementor-element-5a23d642 elementor-section-content-middle elementor-section-boxed elementor-section-height-default elementor-section-height-default\" data-id=\"5a23d642\" data-element_type=\"section\">\n\t\t\t\t\t\t<div class=\"elementor-container elementor-column-gap-no\">\n\t\t\t\t\t<div class=\"elementor-column elementor-col-33 elementor-top-column elementor-element elementor-element-7d3226bc\" data-id=\"7d3226bc\" data-element_type=\"column\">\n\t\t\t<div class=\"elementor-widget-wrap elementor-element-populated\">\n\t\t\t\t\t\t\t\t<div class=\"elementor-element elementor-element-119042ff elementor-widget elementor-widget-text-editor\" data-id=\"119042ff\" data-element_type=\"widget\" data-widget_type=\"text-editor.default\">\n\t\t\t\t<div class=\"elementor-widget-container\">\n\t\t\t\t\t\t\t\t\t\t\t\t\t<\/div>\n\t\t\t\t<\/div>\n\t\t\t\t<div class=\"elementor-element elementor-element-ae46e2d elementor-widget elementor-widget-heading\" data-id=\"ae46e2d\" data-element_type=\"widget\" data-widget_type=\"heading.default\">\n\t\t\t\t<div class=\"elementor-widget-container\">\n\t\t\t<p class=\"elementor-heading-title elementor-size-medium\">Professionnel <br>ou<br> particulier<\/p>\t\t<\/div>\n\t\t\t\t<\/div>\n\t\t\t\t<div class=\"elementor-element elementor-element-2326759e elementor-widget-divider--view-line elementor-widget elementor-widget-divider\" data-id=\"2326759e\" data-element_type=\"widget\" data-widget_type=\"divider.default\">\n\t\t\t\t<div class=\"elementor-widget-container\">\n\t\t\t\t\t<div class=\"elementor-divider\">\n\t\t\t<span class=\"elementor-divider-separator\">\n\t\t\t\t\t\t<\/span>\n\t\t<\/div>\n\t\t\t\t<\/div>\n\t\t\t\t<\/div>\n\t\t\t\t\t<\/div>\n\t\t<\/div>\n\t\t\t\t<div class=\"elementor-column elementor-col-33 elementor-top-column elementor-element elementor-element-3e4dddd3\" data-id=\"3e4dddd3\" data-element_type=\"column\">\n\t\t\t<div class=\"elementor-widget-wrap elementor-element-populated\">\n\t\t\t\t\t\t\t\t<div class=\"elementor-element elementor-element-2749214 elementor-widget elementor-widget-image\" data-id=\"2749214\" data-element_type=\"widget\" data-widget_type=\"image.default\">\n\t\t\t\t<div class=\"elementor-widget-container\">\n\t\t\t\t\t\t\t\t\t\t\t\t\t\t\t\t<a href=\"http:\/\/www.gm-mecanique.fr\/index.php\/elementor-74\/\">\n\t\t\t\t\t\t\t<img width=\"1430\" height=\"953\" src=\"https:\/\/www.gm-mecanique.fr\/wp-content\/uploads\/2021\/07\/image001-2.jpg\" class=\"elementor-animation-grow attachment-full size-full\" alt=\"\" loading=\"lazy\" srcset=\"https:\/\/www.gm-mecanique.fr\/wp-content\/uploads\/2021\/07\/image001-2.jpg 1430w, https:\/\/www.gm-mecanique.fr\/wp-content\/uploads\/2021\/07\/image001-2-300x200.jpg 300w, https:\/\/www.gm-mecanique.fr\/wp-content\/uploads\/2021\/07\/image001-2-1024x682.jpg 1024w, https:\/\/www.gm-mecanique.fr\/wp-content\/uploads\/2021\/07\/image001-2-768x512.jpg 768w\" sizes=\"(max-width: 1430px) 100vw, 1430px\" \/>\t\t\t\t\t\t\t\t<\/a>\n\t\t\t\t\t\t\t\t\t\t\t\t\t\t\t<\/div>\n\t\t\t\t<\/div>\n\t\t\t\t<div class=\"elementor-element elementor-element-6d90ef96 elementor-widget elementor-widget-text-editor\" data-id=\"6d90ef96\" data-element_type=\"widget\" data-widget_type=\"text-editor.default\">\n\t\t\t\t<div class=\"elementor-widget-container\">\n\t\t\t\t\t\t\t<p>Vous \u00eates un professionnel ?<\/p><p>Nous pouvons vous fournir toutes les pi\u00e8ces possibles<\/p>\t\t\t\t\t\t<\/div>\n\t\t\t\t<\/div>\n\t\t\t\t\t<\/div>\n\t\t<\/div>\n\t\t\t\t<div class=\"elementor-column elementor-col-33 elementor-top-column elementor-element elementor-element-12022bad\" data-id=\"12022bad\" data-element_type=\"column\">\n\t\t\t<div class=\"elementor-widget-wrap elementor-element-populated\">\n\t\t\t\t\t\t\t\t<div class=\"elementor-element elementor-element-33c84761 elementor-widget elementor-widget-text-editor\" data-id=\"33c84761\" data-element_type=\"widget\" data-widget_type=\"text-editor.default\">\n\t\t\t\t<div class=\"elementor-widget-container\">\n\t\t\t\t\t\t\t<p>Vous \u00eates un particulier ?\u00a0<\/p><p>Demandez un devis gratuitement !<\/p>\t\t\t\t\t\t<\/div>\n\t\t\t\t<\/div>\n\t\t\t\t<div class=\"elementor-element elementor-element-60962cee elementor-widget elementor-widget-image\" data-id=\"60962cee\" data-element_type=\"widget\" data-widget_type=\"image.default\">\n\t\t\t\t<div class=\"elementor-widget-container\">\n\t\t\t\t\t\t\t\t\t\t\t\t\t\t\t\t<a href=\"http:\/\/www.gm-mecanique.fr\/index.php\/elementor-80\/\">\n\t\t\t\t\t\t\t<img width=\"960\" height=\"540\" src=\"https:\/\/www.gm-mecanique.fr\/wp-content\/uploads\/2021\/07\/S0-Les-cles-de-l-entretien-mecanique-les-astuces-et-conseils-de-Caradisiac-624217.jpg\" class=\"elementor-animation-grow attachment-full size-full\" alt=\"\" loading=\"lazy\" srcset=\"https:\/\/www.gm-mecanique.fr\/wp-content\/uploads\/2021\/07\/S0-Les-cles-de-l-entretien-mecanique-les-astuces-et-conseils-de-Caradisiac-624217.jpg 960w, https:\/\/www.gm-mecanique.fr\/wp-content\/uploads\/2021\/07\/S0-Les-cles-de-l-entretien-mecanique-les-astuces-et-conseils-de-Caradisiac-624217-300x169.jpg 300w, https:\/\/www.gm-mecanique.fr\/wp-content\/uploads\/2021\/07\/S0-Les-cles-de-l-entretien-mecanique-les-astuces-et-conseils-de-Caradisiac-624217-768x432.jpg 768w\" sizes=\"(max-width: 960px) 100vw, 960px\" \/>\t\t\t\t\t\t\t\t<\/a>\n\t\t\t\t\t\t\t\t\t\t\t\t\t\t\t<\/div>\n\t\t\t\t<\/div>\n\t\t\t\t\t<\/div>\n\t\t<\/div>\n\t\t\t\t\t\t\t<\/div>\n\t\t<\/section>\n\t\t\t\t\t\t\t<\/div>\n\t\t","protected":false},"excerpt":{"rendered":"<p>Gui&rsquo;Home M\u00e9canique La SAS GUI&rsquo;HOME MECANIQUE est votre interlocuteurs de confiance pour tous types de r\u00e9parations et sur tous type de v\u00e9hicules : PL, VL, UTILITAIRE.&nbsp; A votre domicile ou sur votre lieu de travail, votre v\u00e9hicule est r\u00e9par\u00e9 exclusivement par du personnel de qualifi\u00e9. C&rsquo;est latelier qui vient \u00e0 vous, plus de souci d&rsquo;attente ou de disponibilit\u00e9 de place ! Sur rendez-vous ou intervention rapide d\u00e9pannage, vous pouvez nous contacter tous les jours de 9h \u00e0 18h du lundi&hellip;<\/p>\n","protected":false},"author":1,"featured_media":0,"parent":0,"menu_order":0,"comment_status":"closed","ping_status":"closed","template":"","meta":[],"yoast_head":"<!-- This site is optimized with the Yoast SEO plugin v19.3 - https:\/\/yoast.com\/wordpress\/plugins\/seo\/ -->\n<title>Accueil - Gui&#039;Home m\u00e9canique \u00e0 domicile - Grand Champ<\/title>\n<meta name=\"description\" content=\"Gui&#039;home m\u00e9canique - M\u00e9canique pour particulier et professionnel \u00e0 domicile - Tout type de v\u00e9hicule - Grand-Champ\" \/>\n<meta name=\"robots\" content=\"index, follow, max-snippet:-1, max-image-preview:large, max-video-preview:-1\" \/>\n<link rel=\"canonical\" href=\"https:\/\/www.gm-mecanique.fr\/\" \/>\n<meta property=\"og:locale\" content=\"fr_FR\" \/>\n<meta property=\"og:type\" content=\"article\" \/>\n<meta property=\"og:title\" content=\"Accueil - Gui&#039;Home m\u00e9canique \u00e0 domicile - Grand Champ\" \/>\n<meta property=\"og:description\" content=\"Gui&#039;home m\u00e9canique - M\u00e9canique pour particulier et professionnel \u00e0 domicile - Tout type de v\u00e9hicule - Grand-Champ\" \/>\n<meta property=\"og:url\" content=\"https:\/\/www.gm-mecanique.fr\/\" \/>\n<meta property=\"og:site_name\" content=\"Gui&#039;Home m\u00e9canique\" \/>\n<meta property=\"article:publisher\" content=\"https:\/\/www.facebook.com\/GuiHome-M%c3%a9canique-109064371337091\" \/>\n<meta property=\"article:modified_time\" content=\"2022-07-23T17:51:35+00:00\" \/>\n<meta property=\"og:image\" content=\"http:\/\/www.gm-mecanique.fr\/wp-content\/uploads\/2021\/07\/cropped-cropped-cropped-cropped-LOGO-ROND-SEUL-1.jpg\" \/>\n<meta name=\"twitter:card\" content=\"summary_large_image\" \/>\n<meta name=\"twitter:label1\" content=\"Dur\u00e9e de lecture estim\u00e9e\" \/>\n\t<meta name=\"twitter:data1\" content=\"2 minutes\" \/>\n<script type=\"application\/ld+json\" class=\"yoast-schema-graph\">{\"@context\":\"https:\/\/schema.org\",\"@graph\":[{\"@type\":\"Organization\",\"@id\":\"https:\/\/www.gm-mecanique.fr\/#organization\",\"name\":\"Gui&#039;Home m\u00e9canique\",\"url\":\"https:\/\/www.gm-mecanique.fr\/\",\"sameAs\":[\"https:\/\/www.facebook.com\/GuiHome-M\u00e9canique-109064371337091\"],\"logo\":{\"@type\":\"ImageObject\",\"inLanguage\":\"fr-FR\",\"@id\":\"https:\/\/www.gm-mecanique.fr\/#\/schema\/logo\/image\/\",\"url\":\"https:\/\/www.gm-mecanique.fr\/wp-content\/uploads\/2021\/07\/cropped-logo-titre-de-chaque-cote-scaled-1.jpg\",\"contentUrl\":\"https:\/\/www.gm-mecanique.fr\/wp-content\/uploads\/2021\/07\/cropped-logo-titre-de-chaque-cote-scaled-1.jpg\",\"width\":2394,\"height\":849,\"caption\":\"Gui&#039;Home m\u00e9canique\"},\"image\":{\"@id\":\"https:\/\/www.gm-mecanique.fr\/#\/schema\/logo\/image\/\"}},{\"@type\":\"WebSite\",\"@id\":\"https:\/\/www.gm-mecanique.fr\/#website\",\"url\":\"https:\/\/www.gm-mecanique.fr\/\",\"name\":\"Gui&#039;Home m\u00e9canique\",\"description\":\"M\u00e9canique \u00e0 domicile\",\"publisher\":{\"@id\":\"https:\/\/www.gm-mecanique.fr\/#organization\"},\"potentialAction\":[{\"@type\":\"SearchAction\",\"target\":{\"@type\":\"EntryPoint\",\"urlTemplate\":\"https:\/\/www.gm-mecanique.fr\/?s={search_term_string}\"},\"query-input\":\"required name=search_term_string\"}],\"inLanguage\":\"fr-FR\"},{\"@type\":\"ImageObject\",\"inLanguage\":\"fr-FR\",\"@id\":\"https:\/\/www.gm-mecanique.fr\/#primaryimage\",\"url\":\"http:\/\/www.gm-mecanique.fr\/wp-content\/uploads\/2021\/07\/cropped-cropped-cropped-cropped-LOGO-ROND-SEUL-1.jpg\",\"contentUrl\":\"http:\/\/www.gm-mecanique.fr\/wp-content\/uploads\/2021\/07\/cropped-cropped-cropped-cropped-LOGO-ROND-SEUL-1.jpg\"},{\"@type\":\"WebPage\",\"@id\":\"https:\/\/www.gm-mecanique.fr\/\",\"url\":\"https:\/\/www.gm-mecanique.fr\/\",\"name\":\"Accueil - Gui&#039;Home m\u00e9canique \u00e0 domicile - Grand Champ\",\"isPartOf\":{\"@id\":\"https:\/\/www.gm-mecanique.fr\/#website\"},\"primaryImageOfPage\":{\"@id\":\"https:\/\/www.gm-mecanique.fr\/#primaryimage\"},\"datePublished\":\"2021-07-02T19:24:49+00:00\",\"dateModified\":\"2022-07-23T17:51:35+00:00\",\"description\":\"Gui'home m\u00e9canique - M\u00e9canique pour particulier et professionnel \u00e0 domicile - Tout type de v\u00e9hicule - Grand-Champ\",\"breadcrumb\":{\"@id\":\"https:\/\/www.gm-mecanique.fr\/#breadcrumb\"},\"inLanguage\":\"fr-FR\",\"potentialAction\":[{\"@type\":\"ReadAction\",\"target\":[\"https:\/\/www.gm-mecanique.fr\/\"]}]},{\"@type\":\"BreadcrumbList\",\"@id\":\"https:\/\/www.gm-mecanique.fr\/#breadcrumb\",\"itemListElement\":[{\"@type\":\"ListItem\",\"position\":1,\"name\":\"Accueil\",\"item\":\"https:\/\/www.gm-mecanique.fr\/\"},{\"@type\":\"ListItem\",\"position\":2,\"name\":\"Accueil\"}]}]}<\/script>\n<!-- \/ Yoast SEO plugin. -->","yoast_head_json":{"title":"Accueil - Gui&#039;Home m\u00e9canique \u00e0 domicile - Grand Champ","description":"Gui'home m\u00e9canique - M\u00e9canique pour particulier et professionnel \u00e0 domicile - Tout type de v\u00e9hicule - Grand-Champ","robots":{"index":"index","follow":"follow","max-snippet":"max-snippet:-1","max-image-preview":"max-image-preview:large","max-video-preview":"max-video-preview:-1"},"canonical":"https:\/\/www.gm-mecanique.fr\/","og_locale":"fr_FR","og_type":"article","og_title":"Accueil - Gui&#039;Home m\u00e9canique \u00e0 domicile - Grand Champ","og_description":"Gui'home m\u00e9canique - M\u00e9canique pour particulier et professionnel \u00e0 domicile - Tout type de v\u00e9hicule - Grand-Champ","og_url":"https:\/\/www.gm-mecanique.fr\/","og_site_name":"Gui&#039;Home m\u00e9canique","article_publisher":"https:\/\/www.facebook.com\/GuiHome-M%c3%a9canique-109064371337091","article_modified_time":"2022-07-23T17:51:35+00:00","og_image":[{"url":"http:\/\/www.gm-mecanique.fr\/wp-content\/uploads\/2021\/07\/cropped-cropped-cropped-cropped-LOGO-ROND-SEUL-1.jpg"}],"twitter_card":"summary_large_image","twitter_misc":{"Dur\u00e9e de lecture estim\u00e9e":"2 minutes"},"schema":{"@context":"https:\/\/schema.org","@graph":[{"@type":"Organization","@id":"https:\/\/www.gm-mecanique.fr\/#organization","name":"Gui&#039;Home m\u00e9canique","url":"https:\/\/www.gm-mecanique.fr\/","sameAs":["https:\/\/www.facebook.com\/GuiHome-M\u00e9canique-109064371337091"],"logo":{"@type":"ImageObject","inLanguage":"fr-FR","@id":"https:\/\/www.gm-mecanique.fr\/#\/schema\/logo\/image\/","url":"https:\/\/www.gm-mecanique.fr\/wp-content\/uploads\/2021\/07\/cropped-logo-titre-de-chaque-cote-scaled-1.jpg","contentUrl":"https:\/\/www.gm-mecanique.fr\/wp-content\/uploads\/2021\/07\/cropped-logo-titre-de-chaque-cote-scaled-1.jpg","width":2394,"height":849,"caption":"Gui&#039;Home m\u00e9canique"},"image":{"@id":"https:\/\/www.gm-mecanique.fr\/#\/schema\/logo\/image\/"}},{"@type":"WebSite","@id":"https:\/\/www.gm-mecanique.fr\/#website","url":"https:\/\/www.gm-mecanique.fr\/","name":"Gui&#039;Home m\u00e9canique","description":"M\u00e9canique \u00e0 domicile","publisher":{"@id":"https:\/\/www.gm-mecanique.fr\/#organization"},"potentialAction":[{"@type":"SearchAction","target":{"@type":"EntryPoint","urlTemplate":"https:\/\/www.gm-mecanique.fr\/?s={search_term_string}"},"query-input":"required name=search_term_string"}],"inLanguage":"fr-FR"},{"@type":"ImageObject","inLanguage":"fr-FR","@id":"https:\/\/www.gm-mecanique.fr\/#primaryimage","url":"http:\/\/www.gm-mecanique.fr\/wp-content\/uploads\/2021\/07\/cropped-cropped-cropped-cropped-LOGO-ROND-SEUL-1.jpg","contentUrl":"http:\/\/www.gm-mecanique.fr\/wp-content\/uploads\/2021\/07\/cropped-cropped-cropped-cropped-LOGO-ROND-SEUL-1.jpg"},{"@type":"WebPage","@id":"https:\/\/www.gm-mecanique.fr\/","url":"https:\/\/www.gm-mecanique.fr\/","name":"Accueil - Gui&#039;Home m\u00e9canique \u00e0 domicile - Grand Champ","isPartOf":{"@id":"https:\/\/www.gm-mecanique.fr\/#website"},"primaryImageOfPage":{"@id":"https:\/\/www.gm-mecanique.fr\/#primaryimage"},"datePublished":"2021-07-02T19:24:49+00:00","dateModified":"2022-07-23T17:51:35+00:00","description":"Gui'home m\u00e9canique - M\u00e9canique pour particulier et professionnel \u00e0 domicile - Tout type de v\u00e9hicule - Grand-Champ","breadcrumb":{"@id":"https:\/\/www.gm-mecanique.fr\/#breadcrumb"},"inLanguage":"fr-FR","potentialAction":[{"@type":"ReadAction","target":["https:\/\/www.gm-mecanique.fr\/"]}]},{"@type":"BreadcrumbList","@id":"https:\/\/www.gm-mecanique.fr\/#breadcrumb","itemListElement":[{"@type":"ListItem","position":1,"name":"Accueil","item":"https:\/\/www.gm-mecanique.fr\/"},{"@type":"ListItem","position":2,"name":"Accueil"}]}]}},"_links":{"self":[{"href":"https:\/\/www.gm-mecanique.fr\/index.php\/wp-json\/wp\/v2\/pages\/55"}],"collection":[{"href":"https:\/\/www.gm-mecanique.fr\/index.php\/wp-json\/wp\/v2\/pages"}],"about":[{"href":"https:\/\/www.gm-mecanique.fr\/index.php\/wp-json\/wp\/v2\/types\/page"}],"author":[{"embeddable":true,"href":"https:\/\/www.gm-mecanique.fr\/index.php\/wp-json\/wp\/v2\/users\/1"}],"replies":[{"embeddable":true,"href":"https:\/\/www.gm-mecanique.fr\/index.php\/wp-json\/wp\/v2\/comments?post=55"}],"version-history":[{"count":21,"href":"https:\/\/www.gm-mecanique.fr\/index.php\/wp-json\/wp\/v2\/pages\/55\/revisions"}],"predecessor-version":[{"id":156,"href":"https:\/\/www.gm-mecanique.fr\/index.php\/wp-json\/wp\/v2\/pages\/55\/revisions\/156"}],"wp:attachment":[{"href":"https:\/\/www.gm-mecanique.fr\/index.php\/wp-json\/wp\/v2\/media?parent=55"}],"curies":[{"name":"wp","href":"https:\/\/api.w.org\/{rel}","templated":true}]}}