{"id":15,"date":"2021-06-30T22:47:43","date_gmt":"2021-06-30T20:47:43","guid":{"rendered":"http:\/\/www.gm-mecanique.fr\/?page_id=15"},"modified":"2021-07-26T11:15:50","modified_gmt":"2021-07-26T09:15:50","slug":"contact","status":"publish","type":"page","link":"https:\/\/www.gm-mecanique.fr\/index.php\/contact\/","title":{"rendered":"Devis"},"content":{"rendered":"\n<p>Faite une demande de devis gratuitement en remplissant le formulaire ci-dessous :<\/p>\n\n\n\n<div class=\"wp-block-contact-form-7-contact-form-selector\"><div role=\"form\" class=\"wpcf7\" id=\"wpcf7-f72-o1\" lang=\"fr-FR\" dir=\"ltr\">\n<div class=\"screen-reader-response\"><p role=\"status\" aria-live=\"polite\" aria-atomic=\"true\"><\/p> <ul><\/ul><\/div>\n<form action=\"\/index.php\/wp-json\/wp\/v2\/pages\/15#wpcf7-f72-o1\" method=\"post\" class=\"wpcf7-form init\" enctype=\"multipart\/form-data\" novalidate=\"novalidate\" data-status=\"init\">\n<div style=\"display: none;\">\n<input type=\"hidden\" name=\"_wpcf7\" value=\"72\" \/>\n<input type=\"hidden\" name=\"_wpcf7_version\" value=\"5.6.1\" \/>\n<input type=\"hidden\" name=\"_wpcf7_locale\" value=\"fr_FR\" \/>\n<input type=\"hidden\" name=\"_wpcf7_unit_tag\" value=\"wpcf7-f72-o1\" \/>\n<input type=\"hidden\" name=\"_wpcf7_container_post\" value=\"0\" \/>\n<input type=\"hidden\" name=\"_wpcf7_posted_data_hash\" value=\"\" \/>\n<\/div>\n<p><label> Nom*<br \/>\n    <span class=\"wpcf7-form-control-wrap\" data-name=\"your-name\"><input type=\"text\" name=\"your-name\" value=\"\" size=\"40\" class=\"wpcf7-form-control wpcf7-text wpcf7-validates-as-required\" aria-required=\"true\" aria-invalid=\"false\" \/><\/span> <\/label><\/p>\n<p><label> Pr\u00e9nom*<br \/>\n    <span class=\"wpcf7-form-control-wrap\" data-name=\"your-nickname\"><input type=\"text\" name=\"your-nickname\" value=\"\" size=\"40\" class=\"wpcf7-form-control wpcf7-text wpcf7-validates-as-required\" aria-required=\"true\" aria-invalid=\"false\" \/><\/span> <\/label><\/p>\n<p><label>Tel*<br \/>\n<span class=\"wpcf7-form-control-wrap\" data-name=\"tel-983\"><input type=\"tel\" name=\"tel-983\" value=\"\" size=\"40\" class=\"wpcf7-form-control wpcf7-text wpcf7-tel wpcf7-validates-as-required wpcf7-validates-as-tel\" aria-required=\"true\" aria-invalid=\"false\" \/><\/span><\/label><\/p>\n<p><label> Adresse*<br \/>\n    <span class=\"wpcf7-form-control-wrap\" data-name=\"your-adresse\"><input type=\"text\" name=\"your-adresse\" value=\"\" size=\"40\" class=\"wpcf7-form-control wpcf7-text wpcf7-validates-as-required\" aria-required=\"true\" aria-invalid=\"false\" \/><\/span> <\/label><\/p>\n<p><label> E-mail*<br \/>\n    <span class=\"wpcf7-form-control-wrap\" data-name=\"your-email\"><input type=\"email\" name=\"your-email\" value=\"\" size=\"40\" class=\"wpcf7-form-control wpcf7-text wpcf7-email wpcf7-validates-as-required wpcf7-validates-as-email\" aria-required=\"true\" aria-invalid=\"false\" \/><\/span> <\/label><\/p>\n<p><label> Marque du v\u00e9hicule*<br \/>\n    <span class=\"wpcf7-form-control-wrap\" data-name=\"your-subject\"><input type=\"text\" name=\"your-subject\" value=\"\" size=\"40\" class=\"wpcf7-form-control wpcf7-text wpcf7-validates-as-required\" aria-required=\"true\" aria-invalid=\"false\" \/><\/span> <\/label><\/p>\n<p><label> Mod\u00e8le du v\u00e9hicule*<br \/>\n    <span class=\"wpcf7-form-control-wrap\" data-name=\"your-modele\"><input type=\"text\" name=\"your-modele\" value=\"\" size=\"40\" class=\"wpcf7-form-control wpcf7-text wpcf7-validates-as-required\" aria-required=\"true\" aria-invalid=\"false\" \/><\/span> <\/label><\/p>\n<p><label> Immatriculation du v\u00e9hicule*<br \/>\n    <span class=\"wpcf7-form-control-wrap\" data-name=\"your-immatriculation\"><input type=\"text\" name=\"your-immatriculation\" value=\"\" size=\"40\" class=\"wpcf7-form-control wpcf7-text wpcf7-validates-as-required\" aria-required=\"true\" aria-invalid=\"false\" \/><\/span> <\/label><\/p>\n<p><label> Travaux \u00e0 faire*<br \/>\n    <span class=\"wpcf7-form-control-wrap\" data-name=\"your-message\"><textarea name=\"your-message\" cols=\"40\" rows=\"10\" class=\"wpcf7-form-control wpcf7-textarea wpcf7-validates-as-required\" aria-required=\"true\" aria-invalid=\"false\"><\/textarea><\/span> <\/label><\/p>\n<p><label> Carte grise du v\u00e9hicule<br \/>\n<span class=\"wpcf7-form-control-wrap\" data-name=\"carte_grise\"><input type=\"file\" name=\"carte_grise\" size=\"40\" class=\"wpcf7-form-control wpcf7-file\" accept=\"audio\/*,video\/*,image\/*\" aria-invalid=\"false\" \/><\/span><\/label><\/p>\n<p><input type=\"submit\" value=\"Envoyer\" class=\"wpcf7-form-control has-spinner wpcf7-submit\" \/><\/p>\n<div class=\"wpcf7-response-output\" aria-hidden=\"true\"><\/div><\/form><\/div><\/div>\n","protected":false},"excerpt":{"rendered":"<p>Faite une demande de devis gratuitement en remplissant le formulaire ci-dessous :<\/p>\n","protected":false},"author":1,"featured_media":0,"parent":0,"menu_order":0,"comment_status":"closed","ping_status":"closed","template":"","meta":[],"yoast_head":"<!-- This site is optimized with the Yoast SEO plugin v19.3 - https:\/\/yoast.com\/wordpress\/plugins\/seo\/ -->\n<title>Demande de Devis - Gui&#039;Home m\u00e9canique<\/title>\n<meta name=\"description\" content=\"Demande de devis - Gui&#039;home m\u00e9canique - M\u00e9canique pour particulier et professionnel \u00e0 domicile - Grand-Champs\" \/>\n<meta name=\"robots\" content=\"index, follow, max-snippet:-1, max-image-preview:large, max-video-preview:-1\" \/>\n<link rel=\"canonical\" href=\"http:\/\/www.gm-mecanique.fr\/index.php\/contact\/\" \/>\n<meta property=\"og:locale\" content=\"fr_FR\" \/>\n<meta property=\"og:type\" content=\"article\" \/>\n<meta property=\"og:title\" content=\"Demande de Devis - Gui&#039;Home m\u00e9canique\" \/>\n<meta property=\"og:description\" content=\"Demande de devis - Gui&#039;home m\u00e9canique - M\u00e9canique pour particulier et professionnel \u00e0 domicile - Grand-Champs\" \/>\n<meta property=\"og:url\" content=\"http:\/\/www.gm-mecanique.fr\/index.php\/contact\/\" \/>\n<meta property=\"og:site_name\" content=\"Gui&#039;Home m\u00e9canique\" \/>\n<meta property=\"article:publisher\" content=\"https:\/\/www.facebook.com\/GuiHome-M%c3%a9canique-109064371337091\" \/>\n<meta property=\"article:modified_time\" content=\"2021-07-26T09:15:50+00:00\" \/>\n<meta name=\"twitter:card\" content=\"summary_large_image\" \/>\n<meta name=\"twitter:label1\" content=\"Dur\u00e9e de lecture estim\u00e9e\" \/>\n\t<meta name=\"twitter:data1\" content=\"1 minute\" \/>\n<script type=\"application\/ld+json\" class=\"yoast-schema-graph\">{\"@context\":\"https:\/\/schema.org\",\"@graph\":[{\"@type\":\"Organization\",\"@id\":\"https:\/\/www.gm-mecanique.fr\/#organization\",\"name\":\"Gui&#039;Home m\u00e9canique\",\"url\":\"https:\/\/www.gm-mecanique.fr\/\",\"sameAs\":[\"https:\/\/www.facebook.com\/GuiHome-M\u00e9canique-109064371337091\"],\"logo\":{\"@type\":\"ImageObject\",\"inLanguage\":\"fr-FR\",\"@id\":\"https:\/\/www.gm-mecanique.fr\/#\/schema\/logo\/image\/\",\"url\":\"https:\/\/www.gm-mecanique.fr\/wp-content\/uploads\/2021\/07\/cropped-logo-titre-de-chaque-cote-scaled-1.jpg\",\"contentUrl\":\"https:\/\/www.gm-mecanique.fr\/wp-content\/uploads\/2021\/07\/cropped-logo-titre-de-chaque-cote-scaled-1.jpg\",\"width\":2394,\"height\":849,\"caption\":\"Gui&#039;Home m\u00e9canique\"},\"image\":{\"@id\":\"https:\/\/www.gm-mecanique.fr\/#\/schema\/logo\/image\/\"}},{\"@type\":\"WebSite\",\"@id\":\"https:\/\/www.gm-mecanique.fr\/#website\",\"url\":\"https:\/\/www.gm-mecanique.fr\/\",\"name\":\"Gui&#039;Home m\u00e9canique\",\"description\":\"M\u00e9canique \u00e0 domicile\",\"publisher\":{\"@id\":\"https:\/\/www.gm-mecanique.fr\/#organization\"},\"potentialAction\":[{\"@type\":\"SearchAction\",\"target\":{\"@type\":\"EntryPoint\",\"urlTemplate\":\"https:\/\/www.gm-mecanique.fr\/?s={search_term_string}\"},\"query-input\":\"required name=search_term_string\"}],\"inLanguage\":\"fr-FR\"},{\"@type\":\"WebPage\",\"@id\":\"http:\/\/www.gm-mecanique.fr\/index.php\/contact\/\",\"url\":\"http:\/\/www.gm-mecanique.fr\/index.php\/contact\/\",\"name\":\"Demande de Devis - Gui&#039;Home m\u00e9canique\",\"isPartOf\":{\"@id\":\"https:\/\/www.gm-mecanique.fr\/#website\"},\"datePublished\":\"2021-06-30T20:47:43+00:00\",\"dateModified\":\"2021-07-26T09:15:50+00:00\",\"description\":\"Demande de devis - Gui'home m\u00e9canique - M\u00e9canique pour particulier et professionnel \u00e0 domicile - Grand-Champs\",\"breadcrumb\":{\"@id\":\"http:\/\/www.gm-mecanique.fr\/index.php\/contact\/#breadcrumb\"},\"inLanguage\":\"fr-FR\",\"potentialAction\":[{\"@type\":\"ReadAction\",\"target\":[\"http:\/\/www.gm-mecanique.fr\/index.php\/contact\/\"]}]},{\"@type\":\"BreadcrumbList\",\"@id\":\"http:\/\/www.gm-mecanique.fr\/index.php\/contact\/#breadcrumb\",\"itemListElement\":[{\"@type\":\"ListItem\",\"position\":1,\"name\":\"Accueil\",\"item\":\"https:\/\/www.gm-mecanique.fr\/\"},{\"@type\":\"ListItem\",\"position\":2,\"name\":\"Devis\"}]}]}<\/script>\n<!-- \/ Yoast SEO plugin. -->","yoast_head_json":{"title":"Demande de Devis - Gui&#039;Home m\u00e9canique","description":"Demande de devis - Gui'home m\u00e9canique - M\u00e9canique pour particulier et professionnel \u00e0 domicile - Grand-Champs","robots":{"index":"index","follow":"follow","max-snippet":"max-snippet:-1","max-image-preview":"max-image-preview:large","max-video-preview":"max-video-preview:-1"},"canonical":"http:\/\/www.gm-mecanique.fr\/index.php\/contact\/","og_locale":"fr_FR","og_type":"article","og_title":"Demande de Devis - Gui&#039;Home m\u00e9canique","og_description":"Demande de devis - Gui'home m\u00e9canique - M\u00e9canique pour particulier et professionnel \u00e0 domicile - Grand-Champs","og_url":"http:\/\/www.gm-mecanique.fr\/index.php\/contact\/","og_site_name":"Gui&#039;Home m\u00e9canique","article_publisher":"https:\/\/www.facebook.com\/GuiHome-M%c3%a9canique-109064371337091","article_modified_time":"2021-07-26T09:15:50+00:00","twitter_card":"summary_large_image","twitter_misc":{"Dur\u00e9e de lecture estim\u00e9e":"1 minute"},"schema":{"@context":"https:\/\/schema.org","@graph":[{"@type":"Organization","@id":"https:\/\/www.gm-mecanique.fr\/#organization","name":"Gui&#039;Home m\u00e9canique","url":"https:\/\/www.gm-mecanique.fr\/","sameAs":["https:\/\/www.facebook.com\/GuiHome-M\u00e9canique-109064371337091"],"logo":{"@type":"ImageObject","inLanguage":"fr-FR","@id":"https:\/\/www.gm-mecanique.fr\/#\/schema\/logo\/image\/","url":"https:\/\/www.gm-mecanique.fr\/wp-content\/uploads\/2021\/07\/cropped-logo-titre-de-chaque-cote-scaled-1.jpg","contentUrl":"https:\/\/www.gm-mecanique.fr\/wp-content\/uploads\/2021\/07\/cropped-logo-titre-de-chaque-cote-scaled-1.jpg","width":2394,"height":849,"caption":"Gui&#039;Home m\u00e9canique"},"image":{"@id":"https:\/\/www.gm-mecanique.fr\/#\/schema\/logo\/image\/"}},{"@type":"WebSite","@id":"https:\/\/www.gm-mecanique.fr\/#website","url":"https:\/\/www.gm-mecanique.fr\/","name":"Gui&#039;Home m\u00e9canique","description":"M\u00e9canique \u00e0 domicile","publisher":{"@id":"https:\/\/www.gm-mecanique.fr\/#organization"},"potentialAction":[{"@type":"SearchAction","target":{"@type":"EntryPoint","urlTemplate":"https:\/\/www.gm-mecanique.fr\/?s={search_term_string}"},"query-input":"required name=search_term_string"}],"inLanguage":"fr-FR"},{"@type":"WebPage","@id":"http:\/\/www.gm-mecanique.fr\/index.php\/contact\/","url":"http:\/\/www.gm-mecanique.fr\/index.php\/contact\/","name":"Demande de Devis - Gui&#039;Home m\u00e9canique","isPartOf":{"@id":"https:\/\/www.gm-mecanique.fr\/#website"},"datePublished":"2021-06-30T20:47:43+00:00","dateModified":"2021-07-26T09:15:50+00:00","description":"Demande de devis - Gui'home m\u00e9canique - M\u00e9canique pour particulier et professionnel \u00e0 domicile - Grand-Champs","breadcrumb":{"@id":"http:\/\/www.gm-mecanique.fr\/index.php\/contact\/#breadcrumb"},"inLanguage":"fr-FR","potentialAction":[{"@type":"ReadAction","target":["http:\/\/www.gm-mecanique.fr\/index.php\/contact\/"]}]},{"@type":"BreadcrumbList","@id":"http:\/\/www.gm-mecanique.fr\/index.php\/contact\/#breadcrumb","itemListElement":[{"@type":"ListItem","position":1,"name":"Accueil","item":"https:\/\/www.gm-mecanique.fr\/"},{"@type":"ListItem","position":2,"name":"Devis"}]}]}},"_links":{"self":[{"href":"https:\/\/www.gm-mecanique.fr\/index.php\/wp-json\/wp\/v2\/pages\/15"}],"collection":[{"href":"https:\/\/www.gm-mecanique.fr\/index.php\/wp-json\/wp\/v2\/pages"}],"about":[{"href":"https:\/\/www.gm-mecanique.fr\/index.php\/wp-json\/wp\/v2\/types\/page"}],"author":[{"embeddable":true,"href":"https:\/\/www.gm-mecanique.fr\/index.php\/wp-json\/wp\/v2\/users\/1"}],"replies":[{"embeddable":true,"href":"https:\/\/www.gm-mecanique.fr\/index.php\/wp-json\/wp\/v2\/comments?post=15"}],"version-history":[{"count":2,"href":"https:\/\/www.gm-mecanique.fr\/index.php\/wp-json\/wp\/v2\/pages\/15\/revisions"}],"predecessor-version":[{"id":73,"href":"https:\/\/www.gm-mecanique.fr\/index.php\/wp-json\/wp\/v2\/pages\/15\/revisions\/73"}],"wp:attachment":[{"href":"https:\/\/www.gm-mecanique.fr\/index.php\/wp-json\/wp\/v2\/media?parent=15"}],"curies":[{"name":"wp","href":"https:\/\/api.w.org\/{rel}","templated":true}]}}